{"id":405,"date":"2020-09-24T13:23:29","date_gmt":"2020-09-24T13:23:29","guid":{"rendered":"https:\/\/quarty-demo.bslthemes.com-demo\/?page_id=66"},"modified":"2023-08-27T20:39:29","modified_gmt":"2023-08-27T20:39:29","slug":"about","status":"publish","type":"page","link":"https:\/\/artekipmimarlik.com\/index.php\/about\/","title":{"rendered":"HAKKIMIZDA"},"content":{"rendered":"\t\t<div data-elementor-type=\"wp-page\" data-elementor-id=\"405\" class=\"elementor elementor-405\">\n\t\t\t\t\t\t\t\t\t<section class=\"elementor-section elementor-top-section elementor-element elementor-element-09fb1b8 elementor-section-full_width elementor-section-height-default elementor-section-height-default\" data-id=\"09fb1b8\" data-element_type=\"section\">\n\t\t\t\t\t\t<div class=\"elementor-container elementor-column-gap-no\">\n\t\t\t\t\t<div class=\"elementor-column elementor-col-100 elementor-top-column elementor-element elementor-element-a7ea650\" data-id=\"a7ea650\" data-element_type=\"column\">\n\t\t\t<div class=\"elementor-widget-wrap elementor-element-populated\">\n\t\t\t\t\t\t\t\t<div class=\"elementor-element elementor-element-0bf795e elementor-widget elementor-widget-quarty-banner\" data-id=\"0bf795e\" data-element_type=\"widget\" data-widget_type=\"quarty-banner.default\">\n\t\t\t\t<div class=\"elementor-widget-container\">\n\t\t\t\n\t\t<div class=\"row qrt-p-0-40\">\n          <div class=\"col-lg-12\">\n            <div class=\"qrt-page-cover\">\n                            <img decoding=\"async\" src=\"https:\/\/artekipmimarlik.com\/wp-content\/uploads\/2023\/08\/about-1.png\" alt=\"\" \/>\n                                          <div class=\"qrt-hint-frame\">\n                <div class=\"qrt-scroll-hint\">\n                  <span><\/span>\n                <\/div>\n              <\/div>\n          \t                            <\/div>\n          <\/div>\n        <\/div>\n\n\t\t\t\t<\/div>\n\t\t\t\t<\/div>\n\t\t\t\t\t<\/div>\n\t\t<\/div>\n\t\t\t\t\t\t\t<\/div>\n\t\t<\/section>\n\t\t\t\t<section class=\"elementor-section elementor-top-section elementor-element elementor-element-b13de92 elementor-section-full_width elementor-section-height-default elementor-section-height-default\" data-id=\"b13de92\" data-element_type=\"section\">\n\t\t\t\t\t\t<div class=\"elementor-container elementor-column-gap-no\">\n\t\t\t\t\t<div class=\"elementor-column elementor-col-100 elementor-top-column elementor-element elementor-element-2a40d7b\" data-id=\"2a40d7b\" data-element_type=\"column\">\n\t\t\t<div class=\"elementor-widget-wrap elementor-element-populated\">\n\t\t\t\t\t\t\t\t<div class=\"elementor-element elementor-element-5831ef8 elementor-widget elementor-widget-quarty-about-us\" data-id=\"5831ef8\" data-element_type=\"widget\" data-widget_type=\"quarty-about-us.default\">\n\t\t\t\t<div class=\"elementor-widget-container\">\n\t\t\t\n\t\t<div class=\"qrt-section\">\n\t\t\t<div class=\"row\">\n\t          \t          <div class=\"col-lg-4\">\n\t            <h3 class=\"qrt-section-title\">\n\t            \t<span >\n\t          \t\t\tHAKKIMIZDA\t         \t\t<\/span>\n\t            <\/h3>\n\t          <\/div>\n\t          \t          \t          <div class=\"col-lg-8 qrt-section-description\">\n\t            \t<div >\n\t          \t\t\t<p>\u0130n\u015faat, mimarl\u0131k ve i\u00e7 mimarl\u0131k ba\u015fta olmak \u00fczere bir\u00e7ok alanda hizmet veren Art Ekip Mimarl\u0131k; Haydar G\u00f6rkem taraf\u0131ndan kurulmu\u015ftur.<br \/><br \/>Artekip Mimarl\u0131k profesyonel ekibiyle; mimari ve i\u00e7 mimari dan\u0131\u015fmanl\u0131k hizmetleri, konsept tasar\u0131m, i\u00e7 mimari uygulama hizmetleri, proje y\u00f6netimi, mimari projelendirme; mekanik, elektrik ve statik gibi farkl\u0131 disiplinlerin projelendirilmesi, uygulamas\u0131n\u0131n sa\u011flanmas\u0131 ve koordinasyonu hizmetlerini vermektedir. \u015eirketimiz; hastane, al\u0131\u015fveri\u015f merkezi, i\u015f merkezi, ofis, konut ve karma yap\u0131 gibi \u00e7e\u015fitli sosyal alanlara imza atm\u0131\u015ft\u0131r. Ev &amp; Villa, Ma\u011faza &amp; Ofis ve Showroom, Cafe &amp; Restaurant, Fuar stand\u0131, Pastane &amp; F\u0131r\u0131n, Kuaf\u00f6r &amp; G\u00fczellik Merkezi, Eczane &amp; Medikal, Laboratuvar gibi daha sayamad\u0131\u011f\u0131m\u0131z bir\u00e7ok sekt\u00f6rde projelendirmeden ba\u015flayarak ince i\u015fler ve anahtar teslimine kadar mimar\u0131, i\u00e7 mimar\u0131, tadilat, uygulama kontrol\u00f6rl\u00fc\u011f\u00fc, uygulama y\u00f6netimi ve kentsel d\u00f6n\u00fc\u015f\u00fcm gibi alanlar\u0131nda uygulama dan\u0131\u015fmanl\u0131k hizmeti vermekteyiz.<br \/><br \/>Artekip Mimarl\u0131k; kentsel \u00e7evreye duyarl\u0131, mimarl\u0131k kavram\u0131n\u0131 insan-do\u011fa-kent \u00f6l\u00e7e\u011finde de\u011ferlendiren, k\u00fcresel ihtiya\u00e7 ve de\u011ferlere sayg\u0131l\u0131, yenilik\u00e7i, teknolojik, ayn\u0131 zamanda ekonomik projelere imza atmay\u0131 ama\u00e7lamaktad\u0131r.<\/p>\t         \t\t<\/div>\n\t          <\/div>\n\t          \t        <\/div>\n\t    <\/div>\n\n\t\t\t\t<\/div>\n\t\t\t\t<\/div>\n\t\t\t\t\t<\/div>\n\t\t<\/div>\n\t\t\t\t\t\t\t<\/div>\n\t\t<\/section>\n\t\t\t\t<section class=\"elementor-section elementor-top-section elementor-element elementor-element-0d96a76 elementor-section-full_width elementor-section-height-default elementor-section-height-default\" data-id=\"0d96a76\" data-element_type=\"section\">\n\t\t\t\t\t\t<div class=\"elementor-container elementor-column-gap-no\">\n\t\t\t\t\t<div class=\"elementor-column elementor-col-100 elementor-top-column elementor-element elementor-element-bd16f0a\" data-id=\"bd16f0a\" data-element_type=\"column\">\n\t\t\t<div class=\"elementor-widget-wrap elementor-element-populated\">\n\t\t\t\t\t\t\t\t<div class=\"elementor-element elementor-element-2ae7cd3 elementor-widget elementor-widget-quarty-numbers\" data-id=\"2ae7cd3\" data-element_type=\"widget\" data-widget_type=\"quarty-numbers.default\">\n\t\t\t\t<div class=\"elementor-widget-container\">\n\t\t\t\n\t\t\t\t<div class=\"qrt-section qrt-section-sf\">\n\t\t\t<div class=\"row\">\n\t          \t          <div class=\"col-lg-3 col-sm-6\">\n\n\t            <div class=\"qrt-counter-frame\">\n\t              <div class=\"qrt-counter-box\">\n\t                <span class=\"qrt-counter\">\n\t                \t<span >\n\t\t        \t\t\t10\t\t        \t\t<\/span>\n\t                <\/span>\n\t                \t\t        \t<span class=\"qrt-counter-plus\">+<\/span>\n\t\t    \t\t\t              <\/div>\n\t              <h5>\n\t              \t<span >\n\t        \t\t\tTECR\u00dcBE\t        \t\t<\/span>\n\t              <\/h5>\n\t            <\/div>\n\n\t          <\/div>\n\t          \t          <div class=\"col-lg-3 col-sm-6\">\n\n\t            <div class=\"qrt-counter-frame\">\n\t              <div class=\"qrt-counter-box\">\n\t                <span class=\"qrt-counter\">\n\t                \t<span >\n\t\t        \t\t\t143\t\t        \t\t<\/span>\n\t                <\/span>\n\t                \t              <\/div>\n\t              <h5>\n\t              \t<span >\n\t        \t\t\tTAMAMLANAN PROJE\t        \t\t<\/span>\n\t              <\/h5>\n\t            <\/div>\n\n\t          <\/div>\n\t          \t          <div class=\"col-lg-3 col-sm-6\">\n\n\t            <div class=\"qrt-counter-frame\">\n\t              <div class=\"qrt-counter-box\">\n\t                <span class=\"qrt-counter\">\n\t                \t<span >\n\t\t        \t\t\t114\t\t        \t\t<\/span>\n\t                <\/span>\n\t                \t              <\/div>\n\t              <h5>\n\t              \t<span >\n\t        \t\t\tMUTLU M\u00dc\u015eTER\u0130\t        \t\t<\/span>\n\t              <\/h5>\n\t            <\/div>\n\n\t          <\/div>\n\t          \t          <div class=\"col-lg-3 col-sm-6\">\n\n\t            <div class=\"qrt-counter-frame\">\n\t              <div class=\"qrt-counter-box\">\n\t                <span class=\"qrt-counter\">\n\t                \t<span >\n\t\t        \t\t\t15\t\t        \t\t<\/span>\n\t                <\/span>\n\t                \t\t        \t<span class=\"qrt-counter-plus\">+<\/span>\n\t\t    \t\t\t              <\/div>\n\t              <h5>\n\t              \t<span >\n\t        \t\t\t\u00d6D\u00dcL VE BA\u015eARI\t        \t\t<\/span>\n\t              <\/h5>\n\t            <\/div>\n\n\t          <\/div>\n\t          \t        <\/div>\n\t    <\/div>\n\t    \n\t\t\t\t<\/div>\n\t\t\t\t<\/div>\n\t\t\t\t\t<\/div>\n\t\t<\/div>\n\t\t\t\t\t\t\t<\/div>\n\t\t<\/section>\n\t\t\t\t\t\t\t<\/div>\n\t\t","protected":false},"excerpt":{"rendered":"<p>HAKKIMIZDA \u0130n\u015faat, mimarl\u0131k ve i\u00e7 mimarl\u0131k ba\u015fta olmak \u00fczere bir\u00e7ok alanda hizmet veren Art Ekip Mimarl\u0131k; Haydar G\u00f6rkem taraf\u0131ndan kurulmu\u015ftur&#8230;. <span class=\"qrt-el-more\"><a href=\"https:\/\/artekipmimarlik.com\/index.php\/about\/\" class=\"qrt-link qrt-color-link qrt-cursor-scale qrt-w-chevron\">Read more<\/a><\/span><\/p>\n","protected":false},"author":1,"featured_media":0,"parent":0,"menu_order":0,"comment_status":"closed","ping_status":"closed","template":"template-layout-builder.php","meta":{"footnotes":""},"class_list":["post-405","page","type-page","status-publish","hentry"],"acf":[],"_links":{"self":[{"href":"https:\/\/artekipmimarlik.com\/index.php\/wp-json\/wp\/v2\/pages\/405","targetHints":{"allow":["GET"]}}],"collection":[{"href":"https:\/\/artekipmimarlik.com\/index.php\/wp-json\/wp\/v2\/pages"}],"about":[{"href":"https:\/\/artekipmimarlik.com\/index.php\/wp-json\/wp\/v2\/types\/page"}],"author":[{"embeddable":true,"href":"https:\/\/artekipmimarlik.com\/index.php\/wp-json\/wp\/v2\/users\/1"}],"replies":[{"embeddable":true,"href":"https:\/\/artekipmimarlik.com\/index.php\/wp-json\/wp\/v2\/comments?post=405"}],"version-history":[{"count":18,"href":"https:\/\/artekipmimarlik.com\/index.php\/wp-json\/wp\/v2\/pages\/405\/revisions"}],"predecessor-version":[{"id":2192,"href":"https:\/\/artekipmimarlik.com\/index.php\/wp-json\/wp\/v2\/pages\/405\/revisions\/2192"}],"wp:attachment":[{"href":"https:\/\/artekipmimarlik.com\/index.php\/wp-json\/wp\/v2\/media?parent=405"}],"curies":[{"name":"wp","href":"https:\/\/api.w.org\/{rel}","templated":true}]}}