{"id":969,"date":"2021-02-15T00:49:43","date_gmt":"2021-02-15T00:49:43","guid":{"rendered":"https:\/\/quarty-demo.bslthemes.com\/?page_id=969"},"modified":"2023-08-27T21:37:52","modified_gmt":"2023-08-27T21:37:52","slug":"portfolio","status":"publish","type":"page","link":"https:\/\/artekipmimarlik.com\/index.php\/portfolio\/","title":{"rendered":"PORTF\u00d6Y"},"content":{"rendered":"\t\t<div data-elementor-type=\"wp-page\" data-elementor-id=\"969\" class=\"elementor elementor-969\">\n\t\t\t\t\t\t\t\t\t<section class=\"elementor-section elementor-top-section elementor-element elementor-element-52b3c17 elementor-section-full_width elementor-section-height-default elementor-section-height-default\" data-id=\"52b3c17\" data-element_type=\"section\">\n\t\t\t\t\t\t<div class=\"elementor-container elementor-column-gap-no\">\n\t\t\t\t\t<div class=\"elementor-column elementor-col-100 elementor-top-column elementor-element elementor-element-bb186ce\" data-id=\"bb186ce\" data-element_type=\"column\">\n\t\t\t<div class=\"elementor-widget-wrap elementor-element-populated\">\n\t\t\t\t\t\t\t\t<div class=\"elementor-element elementor-element-b5f60cb elementor-widget elementor-widget-quarty-portfolio\" data-id=\"b5f60cb\" data-element_type=\"widget\" data-widget_type=\"quarty-portfolio.default\">\n\t\t\t\t<div class=\"elementor-widget-container\">\n\t\t\t\n\t\t<div class=\"qrt-section qrt-section-sf\">\n\t\t\t\t\t\t<div class=\"row\">\n\t\t\t  <div class=\"col-lg-12\">\n\t\t\t    <h3 class=\"qrt-mb-40 qrt-title-h\">\n\t\t\t    \t<span >\n\t\t          \t\tPORTF\u00d6Y\t\t        \t<\/span>\n\t\t\t    <\/h3>\n\t\t\t  <\/div>\n\t\t\t<\/div>\n\t\t\t\n\t\t\t\t\t\t<div class=\"qrt-filter qrt-mb-40\">\n              <a href=\"#\" data-filter=\"*\" class=\"qrt-work-category qrt-current qrt-filter-icon qrt-cursor-color qrt-cursor-scale\"><i class=\"fas fa-filter\"><\/i>T\u00fcm Kategoriler<\/a>\n                            <a href=\"#\" data-filter=\".category-villa\" class=\"qrt-work-category qrt-cursor-color qrt-cursor-scale\">V\u0130LLA<\/a>\n                            <a href=\"#\" data-filter=\".category-insaat\" class=\"qrt-work-category qrt-cursor-color qrt-cursor-scale\">\u0130N\u015eAAT<\/a>\n                            <a href=\"#\" data-filter=\".category-dekorasyon\" class=\"qrt-work-category qrt-cursor-color qrt-cursor-scale\">DEKORASYON<\/a>\n                          <\/div>\n            \n                        <div class=\"qrt-masonry-grid qrt-mb-40 qrt-grid-3-col qrt-gallery\">\n\n              <div class=\"qrt-grid-sizer\"><\/div>\n\n                           \t\n\n<div class=\"qrt-masonry-grid-item qrt-masonry-grid-item-50 category-insaat \">\n  <div class=\"qrt-work-item\">\n        <a  data-magnific-gallery data-no-swup data-elementor-lightbox-slideshow=\"gallery\" data-elementor-lightbox-title=\"EFEND\u0130O\u011eLU\" href=\"https:\/\/artekipmimarlik.com\/wp-content\/uploads\/2023\/08\/s6.jpg\" class=\"qrt-cursor-scale qrt-work-cover-frame\">\n      <img decoding=\"async\" src=\"https:\/\/artekipmimarlik.com\/wp-content\/uploads\/2023\/08\/s6.jpg\" alt=\"EFEND\u0130O\u011eLU\">\n      <div class=\"qrt-item-zoom qrt-cursor-color\"><i class=\"fas fa-expand\"><\/i><\/div>\n      <div class=\"qrt-work-category\"><span>\u0130N\u015eAAT <\/span><\/div>\n    <\/a>\n        <div class=\"qrt-work-descr\">\n            <h4 class=\"qrt-cursor-color qrt-white\">\n        <a href=\"https:\/\/artekipmimarlik.com\/index.php\/portfolio\/item\/efendioglu-kebap\/\" class=\"qrt-anima-link\">EFEND\u0130O\u011eLU<\/a>\n      <\/h4>\n            <a href=\"https:\/\/artekipmimarlik.com\/index.php\/portfolio\/item\/efendioglu-kebap\/\" class=\"qrt-cursor-scale qrt-work-more qrt-anima-link\"><i class=\"fas fa-arrow-right\"><\/i><\/a>\n    <\/div>\n  <\/div>\n<\/div>          \t               \t\n\n<div class=\"qrt-masonry-grid-item qrt-masonry-grid-item-50 category-villa \">\n  <div class=\"qrt-work-item\">\n        <a  data-magnific-gallery data-no-swup data-elementor-lightbox-slideshow=\"gallery\" data-elementor-lightbox-title=\"KAZMA V\u0130LLALAR\" href=\"https:\/\/artekipmimarlik.com\/wp-content\/uploads\/2023\/08\/20201215_104817-scaled.jpg\" class=\"qrt-cursor-scale qrt-work-cover-frame\">\n      <img decoding=\"async\" src=\"https:\/\/artekipmimarlik.com\/wp-content\/uploads\/2023\/08\/20201215_104817-scaled.jpg\" alt=\"KAZMA V\u0130LLALAR\">\n      <div class=\"qrt-item-zoom qrt-cursor-color\"><i class=\"fas fa-expand\"><\/i><\/div>\n      <div class=\"qrt-work-category\"><span>V\u0130LLA <\/span><\/div>\n    <\/a>\n        <div class=\"qrt-work-descr\">\n            <h4 class=\"qrt-cursor-color qrt-white\">\n        <a href=\"https:\/\/artekipmimarlik.com\/index.php\/portfolio\/item\/kazma-villalar\/\" class=\"qrt-anima-link\">KAZMA V\u0130LLALAR<\/a>\n      <\/h4>\n            <a href=\"https:\/\/artekipmimarlik.com\/index.php\/portfolio\/item\/kazma-villalar\/\" class=\"qrt-cursor-scale qrt-work-more qrt-anima-link\"><i class=\"fas fa-arrow-right\"><\/i><\/a>\n    <\/div>\n  <\/div>\n<\/div>          \t               \t\n\n<div class=\"qrt-masonry-grid-item qrt-masonry-grid-item-50 category-dekorasyon \">\n  <div class=\"qrt-work-item\">\n        <a  data-magnific-gallery data-no-swup data-elementor-lightbox-slideshow=\"gallery\" data-elementor-lightbox-title=\"G\u00d6NEN TEKST\u0130L\" href=\"https:\/\/artekipmimarlik.com\/wp-content\/uploads\/2023\/08\/IMG20200725144911-scaled.jpg\" class=\"qrt-cursor-scale qrt-work-cover-frame\">\n      <img decoding=\"async\" src=\"https:\/\/artekipmimarlik.com\/wp-content\/uploads\/2023\/08\/IMG20200725144911-scaled.jpg\" alt=\"G\u00d6NEN TEKST\u0130L\">\n      <div class=\"qrt-item-zoom qrt-cursor-color\"><i class=\"fas fa-expand\"><\/i><\/div>\n      <div class=\"qrt-work-category\"><span>DEKORASYON <\/span><\/div>\n    <\/a>\n        <div class=\"qrt-work-descr\">\n            <h4 class=\"qrt-cursor-color qrt-white\">\n        <a href=\"https:\/\/artekipmimarlik.com\/index.php\/portfolio\/item\/gonen-tekstil\/\" class=\"qrt-anima-link\">G\u00d6NEN TEKST\u0130L<\/a>\n      <\/h4>\n            <a href=\"https:\/\/artekipmimarlik.com\/index.php\/portfolio\/item\/gonen-tekstil\/\" class=\"qrt-cursor-scale qrt-work-more qrt-anima-link\"><i class=\"fas fa-arrow-right\"><\/i><\/a>\n    <\/div>\n  <\/div>\n<\/div>          \t               \t\n\n<div class=\"qrt-masonry-grid-item qrt-masonry-grid-item-50 \">\n  <div class=\"qrt-work-item\">\n        <a  data-magnific-gallery data-no-swup data-elementor-lightbox-slideshow=\"gallery\" data-elementor-lightbox-title=\"ARTEK\u0130P M\u0130MARLIK\" href=\"https:\/\/artekipmimarlik.com\/wp-content\/uploads\/2023\/08\/74DF96B7-99BF-4F4D-AC77-5634B074B5CB.jpg\" class=\"qrt-cursor-scale qrt-work-cover-frame\">\n      <img decoding=\"async\" src=\"https:\/\/artekipmimarlik.com\/wp-content\/uploads\/2023\/08\/74DF96B7-99BF-4F4D-AC77-5634B074B5CB.jpg\" alt=\"ARTEK\u0130P M\u0130MARLIK\">\n      <div class=\"qrt-item-zoom qrt-cursor-color\"><i class=\"fas fa-expand\"><\/i><\/div>\n      <div class=\"qrt-work-category\"><span><\/span><\/div>\n    <\/a>\n        <div class=\"qrt-work-descr\">\n            <h4 class=\"qrt-cursor-color qrt-white\">\n        <a href=\"https:\/\/artekipmimarlik.com\/index.php\/portfolio\/item\/artekip-mimarlik\/\" class=\"qrt-anima-link\">ARTEK\u0130P M\u0130MARLIK<\/a>\n      <\/h4>\n            <a href=\"https:\/\/artekipmimarlik.com\/index.php\/portfolio\/item\/artekip-mimarlik\/\" class=\"qrt-cursor-scale qrt-work-more qrt-anima-link\"><i class=\"fas fa-arrow-right\"><\/i><\/a>\n    <\/div>\n  <\/div>\n<\/div>          \t              <\/div>\n            \n\t\t  \t\n\t\t\t        <\/div>\n\n\t\t\t\t<\/div>\n\t\t\t\t<\/div>\n\t\t\t\t\t<\/div>\n\t\t<\/div>\n\t\t\t\t\t\t\t<\/div>\n\t\t<\/section>\n\t\t\t\t\t\t\t<\/div>\n\t\t","protected":false},"excerpt":{"rendered":"<p>PORTF\u00d6Y T\u00fcm Kategoriler V\u0130LLA \u0130N\u015eAAT \u0130N\u015eAAT EFEND\u0130O\u011eLU KAZMA V\u0130LLALAR<\/p>\n","protected":false},"author":1,"featured_media":0,"parent":0,"menu_order":0,"comment_status":"closed","ping_status":"closed","template":"template-layout-builder.php","meta":{"footnotes":""},"class_list":["post-969","page","type-page","status-publish","hentry"],"acf":[],"_links":{"self":[{"href":"https:\/\/artekipmimarlik.com\/index.php\/wp-json\/wp\/v2\/pages\/969","targetHints":{"allow":["GET"]}}],"collection":[{"href":"https:\/\/artekipmimarlik.com\/index.php\/wp-json\/wp\/v2\/pages"}],"about":[{"href":"https:\/\/artekipmimarlik.com\/index.php\/wp-json\/wp\/v2\/types\/page"}],"author":[{"embeddable":true,"href":"https:\/\/artekipmimarlik.com\/index.php\/wp-json\/wp\/v2\/users\/1"}],"replies":[{"embeddable":true,"href":"https:\/\/artekipmimarlik.com\/index.php\/wp-json\/wp\/v2\/comments?post=969"}],"version-history":[{"count":20,"href":"https:\/\/artekipmimarlik.com\/index.php\/wp-json\/wp\/v2\/pages\/969\/revisions"}],"predecessor-version":[{"id":2300,"href":"https:\/\/artekipmimarlik.com\/index.php\/wp-json\/wp\/v2\/pages\/969\/revisions\/2300"}],"wp:attachment":[{"href":"https:\/\/artekipmimarlik.com\/index.php\/wp-json\/wp\/v2\/media?parent=969"}],"curies":[{"name":"wp","href":"https:\/\/api.w.org\/{rel}","templated":true}]}}